{"id":4443,"date":"2023-06-19T19:18:18","date_gmt":"2023-06-19T17:18:18","guid":{"rendered":"https:\/\/framimaquinariadehosteleria.es\/?page_id=4443"},"modified":"2024-06-11T09:11:12","modified_gmt":"2024-06-11T07:11:12","slug":"postventa","status":"publish","type":"page","link":"https:\/\/framimaquinariadehosteleria.es\/en\/postventa\/","title":{"rendered":"After-sales"},"content":{"rendered":"<div data-elementor-type=\"wp-page\" data-elementor-id=\"4443\" class=\"elementor elementor-4443\" data-elementor-post-type=\"page\">\n\t\t\t\t<div class=\"elementor-element elementor-element-7263f7e e-flex e-con-boxed e-con e-parent\" data-id=\"7263f7e\" data-element_type=\"container\">\n\t\t\t\t\t<div class=\"e-con-inner\">\n\t\t\t\t<div class=\"elementor-element elementor-element-9f3e7d7 elementor-widget elementor-widget-heading\" data-id=\"9f3e7d7\" data-element_type=\"widget\" data-widget_type=\"heading.default\">\n\t\t\t\t<div class=\"elementor-widget-container\">\n\t\t\t\t\t<h4 class=\"elementor-heading-title elementor-size-default\">PROFESSIONAL TECHNICAL SERVICE<\/h4>\t\t\t\t<\/div>\n\t\t\t\t<\/div>\n\t\t\t\t<div class=\"elementor-element elementor-element-f92a4e4 elementor-widget elementor-widget-text-editor\" data-id=\"f92a4e4\" data-element_type=\"widget\" data-widget_type=\"text-editor.default\">\n\t\t\t\t<div class=\"elementor-widget-container\">\n\t\t\t\t\t\t\t\t\t<p>At <strong>FRAMI<\/strong> we are specialists in each branch of our sector, we solve daily different problems in your catering machinery so that your business is always working.<\/p><p>All our cars have a built-in spare parts warehouse so that in 80% of the cases, our technical service can have parts immediately available. And in our central warehouse, we have more than 10,000 different parts codes available immediately.<\/p><p>We advise you on the use of the machines for their best performance. Ask us if you have any questions.<\/p><p>We provide our clients with personal attention in the province of Alicante.<\/p>\t\t\t\t\t\t\t\t<\/div>\n\t\t\t\t<\/div>\n\t\t\t\t\t<\/div>\n\t\t\t\t<\/div>\n\t\t<div class=\"elementor-element elementor-element-2154a42 e-flex e-con-boxed e-con e-parent\" data-id=\"2154a42\" data-element_type=\"container\">\n\t\t\t\t\t<div class=\"e-con-inner\">\n\t\t\t\t<div class=\"elementor-element elementor-element-2952ead elementor-widget elementor-widget-gallery\" data-id=\"2952ead\" data-element_type=\"widget\" data-settings=\"{&quot;gap&quot;:{&quot;unit&quot;:&quot;px&quot;,&quot;size&quot;:15,&quot;sizes&quot;:[]},&quot;lazyload&quot;:&quot;yes&quot;,&quot;gallery_layout&quot;:&quot;grid&quot;,&quot;columns&quot;:4,&quot;columns_tablet&quot;:2,&quot;columns_mobile&quot;:1,&quot;gap_tablet&quot;:{&quot;unit&quot;:&quot;px&quot;,&quot;size&quot;:10,&quot;sizes&quot;:[]},&quot;gap_mobile&quot;:{&quot;unit&quot;:&quot;px&quot;,&quot;size&quot;:10,&quot;sizes&quot;:[]},&quot;link_to&quot;:&quot;file&quot;,&quot;aspect_ratio&quot;:&quot;3:2&quot;,&quot;overlay_background&quot;:&quot;yes&quot;,&quot;content_hover_animation&quot;:&quot;fade-in&quot;}\" data-widget_type=\"gallery.default\">\n\t\t\t\t<div class=\"elementor-widget-container\">\n\t\t\t\t\t\t\t<div class=\"elementor-gallery__container\">\n\t\t\t\t\t\t\t<a class=\"e-gallery-item elementor-gallery-item elementor-animated-content\" href=\"https:\/\/framimaquinariadehosteleria.es\/wp-content\/uploads\/1.jpg\" data-elementor-open-lightbox=\"yes\" data-elementor-lightbox-slideshow=\"2952ead\" data-elementor-lightbox-title=\"_1\" data-e-action-hash=\"#elementor-action%3Aaction%3Dlightbox%26settings%3DeyJpZCI6NDc0NywidXJsIjoiaHR0cHM6XC9cL2ZyYW1pbWFxdWluYXJpYWRlaG9zdGVsZXJpYS5lc1wvd3AtY29udGVudFwvdXBsb2Fkc1wvMS5qcGciLCJzbGlkZXNob3ciOiIyOTUyZWFkIn0%3D\">\n\t\t\t\t\t<div class=\"e-gallery-image elementor-gallery-item__image\" data-thumbnail=\"https:\/\/framimaquinariadehosteleria.es\/wp-content\/uploads\/1-300x300.jpg\" data-width=\"300\" data-height=\"300\" aria-label=\"\" role=\"img\" ><\/div>\n\t\t\t\t\t\t\t\t\t\t\t<div class=\"elementor-gallery-item__overlay\"><\/div>\n\t\t\t\t\t\t\t\t\t\t\t\t\t\t<\/a>\n\t\t\t\t\t\t\t<a class=\"e-gallery-item elementor-gallery-item elementor-animated-content\" href=\"https:\/\/framimaquinariadehosteleria.es\/wp-content\/uploads\/2.jpg\" data-elementor-open-lightbox=\"yes\" data-elementor-lightbox-slideshow=\"2952ead\" data-elementor-lightbox-title=\"_2\" data-e-action-hash=\"#elementor-action%3Aaction%3Dlightbox%26settings%3DeyJpZCI6NDc0OCwidXJsIjoiaHR0cHM6XC9cL2ZyYW1pbWFxdWluYXJpYWRlaG9zdGVsZXJpYS5lc1wvd3AtY29udGVudFwvdXBsb2Fkc1wvMi5qcGciLCJzbGlkZXNob3ciOiIyOTUyZWFkIn0%3D\">\n\t\t\t\t\t<div class=\"e-gallery-image elementor-gallery-item__image\" data-thumbnail=\"https:\/\/framimaquinariadehosteleria.es\/wp-content\/uploads\/2-300x300.jpg\" data-width=\"300\" data-height=\"300\" aria-label=\"\" role=\"img\" ><\/div>\n\t\t\t\t\t\t\t\t\t\t\t<div class=\"elementor-gallery-item__overlay\"><\/div>\n\t\t\t\t\t\t\t\t\t\t\t\t\t\t<\/a>\n\t\t\t\t\t\t\t<a class=\"e-gallery-item elementor-gallery-item elementor-animated-content\" href=\"https:\/\/framimaquinariadehosteleria.es\/wp-content\/uploads\/3.jpg\" data-elementor-open-lightbox=\"yes\" data-elementor-lightbox-slideshow=\"2952ead\" data-elementor-lightbox-title=\"_3\" data-e-action-hash=\"#elementor-action%3Aaction%3Dlightbox%26settings%3DeyJpZCI6NDc0OSwidXJsIjoiaHR0cHM6XC9cL2ZyYW1pbWFxdWluYXJpYWRlaG9zdGVsZXJpYS5lc1wvd3AtY29udGVudFwvdXBsb2Fkc1wvMy5qcGciLCJzbGlkZXNob3ciOiIyOTUyZWFkIn0%3D\">\n\t\t\t\t\t<div class=\"e-gallery-image elementor-gallery-item__image\" data-thumbnail=\"https:\/\/framimaquinariadehosteleria.es\/wp-content\/uploads\/3-300x300.jpg\" data-width=\"300\" data-height=\"300\" aria-label=\"\" role=\"img\" ><\/div>\n\t\t\t\t\t\t\t\t\t\t\t<div class=\"elementor-gallery-item__overlay\"><\/div>\n\t\t\t\t\t\t\t\t\t\t\t\t\t\t<\/a>\n\t\t\t\t\t\t\t<a class=\"e-gallery-item elementor-gallery-item elementor-animated-content\" href=\"https:\/\/framimaquinariadehosteleria.es\/wp-content\/uploads\/4.jpg\" data-elementor-open-lightbox=\"yes\" data-elementor-lightbox-slideshow=\"2952ead\" data-elementor-lightbox-title=\"_4\" data-e-action-hash=\"#elementor-action%3Aaction%3Dlightbox%26settings%3DeyJpZCI6NDc1MCwidXJsIjoiaHR0cHM6XC9cL2ZyYW1pbWFxdWluYXJpYWRlaG9zdGVsZXJpYS5lc1wvd3AtY29udGVudFwvdXBsb2Fkc1wvNC5qcGciLCJzbGlkZXNob3ciOiIyOTUyZWFkIn0%3D\">\n\t\t\t\t\t<div class=\"e-gallery-image elementor-gallery-item__image\" data-thumbnail=\"https:\/\/framimaquinariadehosteleria.es\/wp-content\/uploads\/4-300x300.jpg\" data-width=\"300\" data-height=\"300\" aria-label=\"\" role=\"img\" ><\/div>\n\t\t\t\t\t\t\t\t\t\t\t<div class=\"elementor-gallery-item__overlay\"><\/div>\n\t\t\t\t\t\t\t\t\t\t\t\t\t\t<\/a>\n\t\t\t\t\t<\/div>\n\t\t\t\t\t<\/div>\n\t\t\t\t<\/div>\n\t\t\t\t\t<\/div>\n\t\t\t\t<\/div>\n\t\t\t\t<\/div>","protected":false},"excerpt":{"rendered":"<p>SERVICIO T\u00c9CNICO PROFESIONAL En FRAMI somos especialistas en cada rama de nuestro sector resuelven diariamente diversos problemas en su maquinaria de hosteler\u00eda para que su negocio siempre est\u00e9 funcionando. Todos nuestros coches llevan incorporado un almac\u00e9n de repuestos para que en el 80% de los casos, nuestro servicio t\u00e9cnico pueda disponer de piezas en el [&hellip;]<\/p>\n","protected":false},"author":2,"featured_media":0,"parent":0,"menu_order":0,"comment_status":"closed","ping_status":"closed","template":"page-blank.php","meta":{"footnotes":""},"class_list":["post-4443","page","type-page","status-publish","hentry"],"_links":{"self":[{"href":"https:\/\/framimaquinariadehosteleria.es\/en\/wp-json\/wp\/v2\/pages\/4443","targetHints":{"allow":["GET"]}}],"collection":[{"href":"https:\/\/framimaquinariadehosteleria.es\/en\/wp-json\/wp\/v2\/pages"}],"about":[{"href":"https:\/\/framimaquinariadehosteleria.es\/en\/wp-json\/wp\/v2\/types\/page"}],"author":[{"embeddable":true,"href":"https:\/\/framimaquinariadehosteleria.es\/en\/wp-json\/wp\/v2\/users\/2"}],"replies":[{"embeddable":true,"href":"https:\/\/framimaquinariadehosteleria.es\/en\/wp-json\/wp\/v2\/comments?post=4443"}],"version-history":[{"count":5,"href":"https:\/\/framimaquinariadehosteleria.es\/en\/wp-json\/wp\/v2\/pages\/4443\/revisions"}],"predecessor-version":[{"id":4756,"href":"https:\/\/framimaquinariadehosteleria.es\/en\/wp-json\/wp\/v2\/pages\/4443\/revisions\/4756"}],"wp:attachment":[{"href":"https:\/\/framimaquinariadehosteleria.es\/en\/wp-json\/wp\/v2\/media?parent=4443"}],"curies":[{"name":"wp","href":"https:\/\/api.w.org\/{rel}","templated":true}]}}