{"id":4277,"date":"2023-05-08T17:50:35","date_gmt":"2023-05-08T15:50:35","guid":{"rendered":"https:\/\/framimaquinariadehosteleria.es\/?page_id=4277"},"modified":"2023-07-31T18:54:01","modified_gmt":"2023-07-31T16:54:01","slug":"accesibilidad","status":"publish","type":"page","link":"https:\/\/framimaquinariadehosteleria.es\/en\/accesibilidad\/","title":{"rendered":"Accessibility"},"content":{"rendered":"\t\t<div data-elementor-type=\"wp-page\" data-elementor-id=\"4277\" class=\"elementor elementor-4277\" data-elementor-post-type=\"page\">\n\t\t\t\t<div class=\"elementor-element elementor-element-b4a29a0 e-flex e-con-boxed e-con e-parent\" data-id=\"b4a29a0\" data-element_type=\"container\">\n\t\t\t\t\t<div class=\"e-con-inner\">\n\t\t\t\t<div class=\"elementor-element elementor-element-dc31dda elementor-widget elementor-widget-text-editor\" data-id=\"dc31dda\" data-element_type=\"widget\" data-widget_type=\"text-editor.default\">\n\t\t\t\t<div class=\"elementor-widget-container\">\n\t\t\t\t\t\t\t\t\t<p>hosteocasion.es web corporativa sobre FRAMI propiedad de FRANCISCO MONROY INDUSTRIAS S.L. \u2013 C.I.F. B03904836 se ha comprometido a hacer accesible este sitio web, de conformidad con el Real Decreto 1112\/2018, de 7 de septiembre, sobre accesibilidad de los sitios web y aplicaciones para dispositivos m\u00f3viles del sector p\u00fablico.<\/p><p>La presente declaraci\u00f3n de accesibilidad se aplica al sitio web hosteocasion.es<\/p><p>SITUACI\u00d3N DE CUMPLIMIENTO<br \/>Este sitio web es parcialmente conforme con el RD 1112\/2018 debido a las excepciones y a la falta de conformidad de los aspectos que se indican en el siguiente punto.<\/p><p>CONTENIDO NO ACCESIBLE<br \/>El contenido que se recoge a continuaci\u00f3n no es accesible por lo siguiente:<\/p><p>Falta de conformidad con el RD 1112\/2018<br \/>Podr\u00edan existir algunos elementos no textuales no etiquetados correctamente [2.5.3 Etiqueta en el nombre] y [4.1.2 Nombre funci\u00f3n y valor]<\/p><p>Los buscadores buscan autom\u00e1ticamente sin necesidad de ordenar ninguna acci\u00f3n por parte del usuario [3.2.2 Al recibir entradas]<\/p><p>Podr\u00edan existir errores de c\u00f3digo puntuales de edici\u00f3n en alguna p\u00e1gina web. [4.1.1 Procesamiento]<\/p><p>El contenido no entra dentro del \u00e1mbito de la legislaci\u00f3n aplicable<\/p><p>PREPARACI\u00d3N DE LA SIGUIENTE DECLARACI\u00d3N DE ACCESIBILIDAD<br \/>La presente declaraci\u00f3n fue preparada el 26 de abril de 2023.<br \/>El m\u00e9todo empleado para preparar la declaraci\u00f3n ha sido una autoevaluaci\u00f3n llevada a cabo por la propia empresa.<\/p><p>OBSERVACIONES Y DATOS DE CONTACTO<br \/>Puede realizar comunicaciones sobre requisitos de accesibilidad (art\u00edculo 10.2.a del RD 1112\/2018) como por ejemplo:<\/p><p>Informar sobre cualquier posible incumplimiento por parte de este sitio web<br \/>Transmitir otras dificultades de acceso al contenido<br \/>Formular cualquier otra consulta o sugerencia de mejora relativa a la accesibilidad del sitio web<br \/>A trav\u00e9s del formulario de contacto de este sitio web o a trav\u00e9s del n\u00famero de tel\u00e9fono<br \/>+(34)965851579<\/p><p>Puede presentar:<\/p><p>Queja relativa al cumplimiento de los requisitos del RD 1112\/2018 o<br \/>Solicitud de Informaci\u00f3n accesible relativa a:<br \/>Contenidos que est\u00e1n excluidos del \u00e1mbito de aplicaci\u00f3n del RD 1112\/2018 seg\u00fan lo establecido por el art\u00edculo 3, apartado 4<\/p><p>Contenidos que est\u00e1n exentos del cumplimiento de los requisitos de accesibilidad por imponer una carga desproporcionada.<\/p><p>En la Solicitud de informaci\u00f3n accesible, se debe concretar, con toda claridad, los hechos, razones y petici\u00f3n que permitan constatar que se trata de una solicitud razonable y leg\u00edtima.<\/p><p>Las quejas y reclamaciones sobre informaci\u00f3n accesible se realizar\u00e1n a trav\u00e9s formulario dispuesto en esta p\u00e1gina web y ser\u00e1n recibidas y tratadas por la empresa.<\/p><p>PROCEDIMIENTO DE APLICACI\u00d3N<br \/>Si una vez realizada una solicitud de informaci\u00f3n accesible o queja, \u00e9sta hubiera sido desestimada, no se estuviera de acuerdo con la decisi\u00f3n adoptada, o la respuesta no cumpliera los requisitos contemplados en el art\u00edculo 12.5, la persona interesada podr\u00e1 iniciar una reclamaci\u00f3n. Igualmente se podr\u00e1 iniciar una reclamaci\u00f3n en el caso de que haya transcurrido el plazo de veinte d\u00edas h\u00e1biles sin haber obtenido respuesta.<\/p><p>La reclamaci\u00f3n puede ser presentada trav\u00e9s de formulario localizado en la p\u00e1gina de contacto de nuestra web.<\/p><p>CONTENIDO OPCIONAL<br \/>Este portal est\u00e1 dise\u00f1ado para poder cambiar el tama\u00f1o del texto y el color, as\u00ed como el fondo de la p\u00e1gina mediante las opciones de configuraci\u00f3n est\u00e1ndar de los navegadores y\/o accediendo al icono que se muestre en todas las p\u00e1ginas de nuestra tienda online.<\/p><p>Este es el s\u00edmbolo que, tras hacer clic sobre \u00e9l, convierte la web en m\u00e1s accesible permitiendo los siguientes cambios seg\u00fan las necesidades del usuario:<\/p><p>Cambiar el tama\u00f1o de letra del texto<\/p><p>Modificar el tama\u00f1o de todo en la pagina<\/p><p>Anular la hoja de estilos o modificar el color del texto<\/p><p>Hacer las fuentes m\u00e1s legibles<\/p><p>Convertir a escala de grises<\/p><p>Subrayar los enlaces<\/p>\t\t\t\t\t\t\t\t<\/div>\n\t\t\t\t<\/div>\n\t\t\t\t\t<\/div>\n\t\t\t\t<\/div>\n\t\t\t\t<\/div>\n\t\t","protected":false},"excerpt":{"rendered":"<p>hosteocasion.es web corporativa sobre FRAMI propiedad de FRANCISCO MONROY INDUSTRIAS S.L. \u2013 C.I.F. B03904836 se ha comprometido a hacer accesible este sitio web, de conformidad con el Real Decreto 1112\/2018, de 7 de septiembre, sobre accesibilidad de los sitios web y aplicaciones para dispositivos m\u00f3viles del sector p\u00fablico. La presente declaraci\u00f3n de accesibilidad se aplica [&hellip;]<\/p>\n","protected":false},"author":1,"featured_media":0,"parent":0,"menu_order":0,"comment_status":"closed","ping_status":"closed","template":"","meta":{"footnotes":""},"class_list":["post-4277","page","type-page","status-publish","hentry"],"_links":{"self":[{"href":"https:\/\/framimaquinariadehosteleria.es\/en\/wp-json\/wp\/v2\/pages\/4277","targetHints":{"allow":["GET"]}}],"collection":[{"href":"https:\/\/framimaquinariadehosteleria.es\/en\/wp-json\/wp\/v2\/pages"}],"about":[{"href":"https:\/\/framimaquinariadehosteleria.es\/en\/wp-json\/wp\/v2\/types\/page"}],"author":[{"embeddable":true,"href":"https:\/\/framimaquinariadehosteleria.es\/en\/wp-json\/wp\/v2\/users\/1"}],"replies":[{"embeddable":true,"href":"https:\/\/framimaquinariadehosteleria.es\/en\/wp-json\/wp\/v2\/comments?post=4277"}],"version-history":[{"count":5,"href":"https:\/\/framimaquinariadehosteleria.es\/en\/wp-json\/wp\/v2\/pages\/4277\/revisions"}],"predecessor-version":[{"id":4522,"href":"https:\/\/framimaquinariadehosteleria.es\/en\/wp-json\/wp\/v2\/pages\/4277\/revisions\/4522"}],"wp:attachment":[{"href":"https:\/\/framimaquinariadehosteleria.es\/en\/wp-json\/wp\/v2\/media?parent=4277"}],"curies":[{"name":"wp","href":"https:\/\/api.w.org\/{rel}","templated":true}]}}