{"id":3718,"date":"2023-03-17T16:27:24","date_gmt":"2023-03-17T15:27:24","guid":{"rendered":""},"modified":"2024-11-28T02:00:55","modified_gmt":"2024-11-28T01:00:55","slug":"quienes-somos","status":"publish","type":"page","link":"https:\/\/framimaquinariadehosteleria.es\/en\/quienes-somos\/","title":{"rendered":"Who we are"},"content":{"rendered":"<div data-elementor-type=\"wp-page\" data-elementor-id=\"3718\" class=\"elementor elementor-3718\" data-elementor-post-type=\"page\">\n\t\t\t\t\t\t<section class=\"elementor-section elementor-top-section elementor-element elementor-element-5158b412 elementor-section-boxed elementor-section-height-default elementor-section-height-default\" data-id=\"5158b412\" data-element_type=\"section\">\n\t\t\t\t\t\t<div class=\"elementor-container elementor-column-gap-default\">\n\t\t\t\t\t<div class=\"elementor-column elementor-col-100 elementor-top-column elementor-element elementor-element-11875c9\" data-id=\"11875c9\" data-element_type=\"column\">\n\t\t\t<div class=\"elementor-widget-wrap elementor-element-populated\">\n\t\t\t\t\t\t<div class=\"elementor-element elementor-element-6c441c0 elementor-widget elementor-widget-text-editor\" data-id=\"6c441c0\" data-element_type=\"widget\" data-widget_type=\"text-editor.default\">\n\t\t\t\t<div class=\"elementor-widget-container\">\n\t\t\t\t\t\t\t\t\t<p>FRAMI is a company specialising in the design and installation of restaurants, cafeterias and hotels.<\/p><p>Founded in 1963, today it is run by a young team with experience in catering machinery.<\/p><p>We are specialists in fume extractors (hoods, turbines, etc.), industrial kitchens, air conditioning, furniture, cold rooms and machinery in general, positioning ourselves as leaders in the food and catering machinery sector.<\/p><p>With a team of more than 30 people specialised in different areas (industrial refrigeration, technical service, smoke extractions and design of plans for machinery, among others), we operate from Cala de Finestrat offering services to the whole province of Alicante.<\/p><p>For more than 60 years, many customers have placed their trust in FRAMI, try us and you'll be right!<\/p>\t\t\t\t\t\t\t\t<\/div>\n\t\t\t\t<\/div>\n\t\t\t\t\t<\/div>\n\t\t<\/div>\n\t\t\t\t\t<\/div>\n\t\t<\/section>\n\t\t\t\t<section class=\"elementor-section elementor-top-section elementor-element elementor-element-80064f0 elementor-section-boxed elementor-section-height-default elementor-section-height-default\" data-id=\"80064f0\" data-element_type=\"section\">\n\t\t\t\t\t\t<div class=\"elementor-container elementor-column-gap-default\">\n\t\t\t\t\t<div class=\"elementor-column elementor-col-100 elementor-top-column elementor-element elementor-element-5e1d162\" data-id=\"5e1d162\" data-element_type=\"column\">\n\t\t\t<div class=\"elementor-widget-wrap elementor-element-populated\">\n\t\t\t\t\t\t<div class=\"elementor-element elementor-element-ff12353 elementor-widget elementor-widget-gallery\" data-id=\"ff12353\" data-element_type=\"widget\" data-settings=\"{&quot;gap&quot;:{&quot;unit&quot;:&quot;px&quot;,&quot;size&quot;:15,&quot;sizes&quot;:[]},&quot;lazyload&quot;:&quot;yes&quot;,&quot;gallery_layout&quot;:&quot;grid&quot;,&quot;columns&quot;:4,&quot;columns_tablet&quot;:2,&quot;columns_mobile&quot;:1,&quot;gap_tablet&quot;:{&quot;unit&quot;:&quot;px&quot;,&quot;size&quot;:10,&quot;sizes&quot;:[]},&quot;gap_mobile&quot;:{&quot;unit&quot;:&quot;px&quot;,&quot;size&quot;:10,&quot;sizes&quot;:[]},&quot;link_to&quot;:&quot;file&quot;,&quot;aspect_ratio&quot;:&quot;3:2&quot;,&quot;overlay_background&quot;:&quot;yes&quot;,&quot;content_hover_animation&quot;:&quot;fade-in&quot;}\" data-widget_type=\"gallery.default\">\n\t\t\t\t<div class=\"elementor-widget-container\">\n\t\t\t\t\t\t\t<div class=\"elementor-gallery__container\">\n\t\t\t\t\t\t\t<a class=\"e-gallery-item elementor-gallery-item elementor-animated-content\" href=\"https:\/\/framimaquinariadehosteleria.es\/wp-content\/uploads\/IMG_3065-2.jpg\" data-elementor-open-lightbox=\"yes\" data-elementor-lightbox-slideshow=\"ff12353\" data-elementor-lightbox-title=\"IMG_3065-2\" data-e-action-hash=\"#elementor-action%3Aaction%3Dlightbox%26settings%3DeyJpZCI6NDUzNSwidXJsIjoiaHR0cHM6XC9cL2ZyYW1pbWFxdWluYXJpYWRlaG9zdGVsZXJpYS5lc1wvd3AtY29udGVudFwvdXBsb2Fkc1wvSU1HXzMwNjUtMi5qcGciLCJzbGlkZXNob3ciOiJmZjEyMzUzIn0%3D\">\n\t\t\t\t\t<div class=\"e-gallery-image elementor-gallery-item__image\" data-thumbnail=\"https:\/\/framimaquinariadehosteleria.es\/wp-content\/uploads\/IMG_3065-2-300x300.jpg\" data-width=\"300\" data-height=\"300\" aria-label=\"\" role=\"img\" ><\/div>\n\t\t\t\t\t\t\t\t\t\t\t<div class=\"elementor-gallery-item__overlay\"><\/div>\n\t\t\t\t\t\t\t\t\t\t\t\t\t\t<\/a>\n\t\t\t\t\t\t\t<a class=\"e-gallery-item elementor-gallery-item elementor-animated-content\" href=\"https:\/\/framimaquinariadehosteleria.es\/wp-content\/uploads\/IMG_3068-2.jpg\" data-elementor-open-lightbox=\"yes\" data-elementor-lightbox-slideshow=\"ff12353\" data-elementor-lightbox-title=\"IMG_3068-2\" data-e-action-hash=\"#elementor-action%3Aaction%3Dlightbox%26settings%3DeyJpZCI6NDUzNiwidXJsIjoiaHR0cHM6XC9cL2ZyYW1pbWFxdWluYXJpYWRlaG9zdGVsZXJpYS5lc1wvd3AtY29udGVudFwvdXBsb2Fkc1wvSU1HXzMwNjgtMi5qcGciLCJzbGlkZXNob3ciOiJmZjEyMzUzIn0%3D\">\n\t\t\t\t\t<div class=\"e-gallery-image elementor-gallery-item__image\" data-thumbnail=\"https:\/\/framimaquinariadehosteleria.es\/wp-content\/uploads\/IMG_3068-2-300x300.jpg\" data-width=\"300\" data-height=\"300\" aria-label=\"\" role=\"img\" ><\/div>\n\t\t\t\t\t\t\t\t\t\t\t<div class=\"elementor-gallery-item__overlay\"><\/div>\n\t\t\t\t\t\t\t\t\t\t\t\t\t\t<\/a>\n\t\t\t\t\t\t\t<a class=\"e-gallery-item elementor-gallery-item elementor-animated-content\" href=\"https:\/\/framimaquinariadehosteleria.es\/wp-content\/uploads\/IMG_3069-2.jpg\" data-elementor-open-lightbox=\"yes\" data-elementor-lightbox-slideshow=\"ff12353\" data-elementor-lightbox-title=\"IMG_3069-2\" data-e-action-hash=\"#elementor-action%3Aaction%3Dlightbox%26settings%3DeyJpZCI6NDUzNywidXJsIjoiaHR0cHM6XC9cL2ZyYW1pbWFxdWluYXJpYWRlaG9zdGVsZXJpYS5lc1wvd3AtY29udGVudFwvdXBsb2Fkc1wvSU1HXzMwNjktMi5qcGciLCJzbGlkZXNob3ciOiJmZjEyMzUzIn0%3D\">\n\t\t\t\t\t<div class=\"e-gallery-image elementor-gallery-item__image\" data-thumbnail=\"https:\/\/framimaquinariadehosteleria.es\/wp-content\/uploads\/IMG_3069-2-300x300.jpg\" data-width=\"300\" data-height=\"300\" aria-label=\"\" role=\"img\" ><\/div>\n\t\t\t\t\t\t\t\t\t\t\t<div class=\"elementor-gallery-item__overlay\"><\/div>\n\t\t\t\t\t\t\t\t\t\t\t\t\t\t<\/a>\n\t\t\t\t\t\t\t<a class=\"e-gallery-item elementor-gallery-item elementor-animated-content\" href=\"https:\/\/framimaquinariadehosteleria.es\/wp-content\/uploads\/IMG_3072-2.jpg\" data-elementor-open-lightbox=\"yes\" data-elementor-lightbox-slideshow=\"ff12353\" data-elementor-lightbox-title=\"IMG_3072-2\" data-e-action-hash=\"#elementor-action%3Aaction%3Dlightbox%26settings%3DeyJpZCI6NDUzOCwidXJsIjoiaHR0cHM6XC9cL2ZyYW1pbWFxdWluYXJpYWRlaG9zdGVsZXJpYS5lc1wvd3AtY29udGVudFwvdXBsb2Fkc1wvSU1HXzMwNzItMi5qcGciLCJzbGlkZXNob3ciOiJmZjEyMzUzIn0%3D\">\n\t\t\t\t\t<div class=\"e-gallery-image elementor-gallery-item__image\" data-thumbnail=\"https:\/\/framimaquinariadehosteleria.es\/wp-content\/uploads\/IMG_3072-2-300x300.jpg\" data-width=\"300\" data-height=\"300\" aria-label=\"\" role=\"img\" ><\/div>\n\t\t\t\t\t\t\t\t\t\t\t<div class=\"elementor-gallery-item__overlay\"><\/div>\n\t\t\t\t\t\t\t\t\t\t\t\t\t\t<\/a>\n\t\t\t\t\t\t\t<a class=\"e-gallery-item elementor-gallery-item elementor-animated-content\" href=\"https:\/\/framimaquinariadehosteleria.es\/wp-content\/uploads\/IMG_3079-2.jpg\" data-elementor-open-lightbox=\"yes\" data-elementor-lightbox-slideshow=\"ff12353\" data-elementor-lightbox-title=\"IMG_3079-2\" data-e-action-hash=\"#elementor-action%3Aaction%3Dlightbox%26settings%3DeyJpZCI6NDUzOSwidXJsIjoiaHR0cHM6XC9cL2ZyYW1pbWFxdWluYXJpYWRlaG9zdGVsZXJpYS5lc1wvd3AtY29udGVudFwvdXBsb2Fkc1wvSU1HXzMwNzktMi5qcGciLCJzbGlkZXNob3ciOiJmZjEyMzUzIn0%3D\">\n\t\t\t\t\t<div class=\"e-gallery-image elementor-gallery-item__image\" data-thumbnail=\"https:\/\/framimaquinariadehosteleria.es\/wp-content\/uploads\/IMG_3079-2-300x300.jpg\" data-width=\"300\" data-height=\"300\" aria-label=\"\" role=\"img\" ><\/div>\n\t\t\t\t\t\t\t\t\t\t\t<div class=\"elementor-gallery-item__overlay\"><\/div>\n\t\t\t\t\t\t\t\t\t\t\t\t\t\t<\/a>\n\t\t\t\t\t\t\t<a class=\"e-gallery-item elementor-gallery-item elementor-animated-content\" href=\"https:\/\/framimaquinariadehosteleria.es\/wp-content\/uploads\/IMG_3078-2.jpg\" data-elementor-open-lightbox=\"yes\" data-elementor-lightbox-slideshow=\"ff12353\" data-elementor-lightbox-title=\"IMG_3078-2\" data-e-action-hash=\"#elementor-action%3Aaction%3Dlightbox%26settings%3DeyJpZCI6NDU0MCwidXJsIjoiaHR0cHM6XC9cL2ZyYW1pbWFxdWluYXJpYWRlaG9zdGVsZXJpYS5lc1wvd3AtY29udGVudFwvdXBsb2Fkc1wvSU1HXzMwNzgtMi5qcGciLCJzbGlkZXNob3ciOiJmZjEyMzUzIn0%3D\">\n\t\t\t\t\t<div class=\"e-gallery-image elementor-gallery-item__image\" data-thumbnail=\"https:\/\/framimaquinariadehosteleria.es\/wp-content\/uploads\/IMG_3078-2-300x300.jpg\" data-width=\"300\" data-height=\"300\" aria-label=\"\" role=\"img\" ><\/div>\n\t\t\t\t\t\t\t\t\t\t\t<div class=\"elementor-gallery-item__overlay\"><\/div>\n\t\t\t\t\t\t\t\t\t\t\t\t\t\t<\/a>\n\t\t\t\t\t\t\t<a class=\"e-gallery-item elementor-gallery-item elementor-animated-content\" href=\"https:\/\/framimaquinariadehosteleria.es\/wp-content\/uploads\/IMG_3080-2.jpg\" data-elementor-open-lightbox=\"yes\" data-elementor-lightbox-slideshow=\"ff12353\" data-elementor-lightbox-title=\"IMG_3080-2\" data-e-action-hash=\"#elementor-action%3Aaction%3Dlightbox%26settings%3DeyJpZCI6NDU0MiwidXJsIjoiaHR0cHM6XC9cL2ZyYW1pbWFxdWluYXJpYWRlaG9zdGVsZXJpYS5lc1wvd3AtY29udGVudFwvdXBsb2Fkc1wvSU1HXzMwODAtMi5qcGciLCJzbGlkZXNob3ciOiJmZjEyMzUzIn0%3D\">\n\t\t\t\t\t<div class=\"e-gallery-image elementor-gallery-item__image\" data-thumbnail=\"https:\/\/framimaquinariadehosteleria.es\/wp-content\/uploads\/IMG_3080-2-300x300.jpg\" data-width=\"300\" data-height=\"300\" aria-label=\"\" role=\"img\" ><\/div>\n\t\t\t\t\t\t\t\t\t\t\t<div class=\"elementor-gallery-item__overlay\"><\/div>\n\t\t\t\t\t\t\t\t\t\t\t\t\t\t<\/a>\n\t\t\t\t\t\t\t<a class=\"e-gallery-item elementor-gallery-item elementor-animated-content\" href=\"https:\/\/framimaquinariadehosteleria.es\/wp-content\/uploads\/IMG_3023-2.jpg\" data-elementor-open-lightbox=\"yes\" data-elementor-lightbox-slideshow=\"ff12353\" data-elementor-lightbox-title=\"IMG_3023-2\" data-e-action-hash=\"#elementor-action%3Aaction%3Dlightbox%26settings%3DeyJpZCI6NDU0MywidXJsIjoiaHR0cHM6XC9cL2ZyYW1pbWFxdWluYXJpYWRlaG9zdGVsZXJpYS5lc1wvd3AtY29udGVudFwvdXBsb2Fkc1wvSU1HXzMwMjMtMi5qcGciLCJzbGlkZXNob3ciOiJmZjEyMzUzIn0%3D\">\n\t\t\t\t\t<div class=\"e-gallery-image elementor-gallery-item__image\" data-thumbnail=\"https:\/\/framimaquinariadehosteleria.es\/wp-content\/uploads\/IMG_3023-2-300x300.jpg\" data-width=\"300\" data-height=\"300\" aria-label=\"\" role=\"img\" ><\/div>\n\t\t\t\t\t\t\t\t\t\t\t<div class=\"elementor-gallery-item__overlay\"><\/div>\n\t\t\t\t\t\t\t\t\t\t\t\t\t\t<\/a>\n\t\t\t\t\t<\/div>\n\t\t\t\t\t<\/div>\n\t\t\t\t<\/div>\n\t\t\t\t\t<\/div>\n\t\t<\/div>\n\t\t\t\t\t<\/div>\n\t\t<\/section>\n\t\t\t\t<\/div>","protected":false},"excerpt":{"rendered":"<p>FRAMI es una empresa especializada en el dise\u00f1o e instalaci\u00f3n de restaurantes, cafeter\u00edas y hoteles. Fundada en 1963, hoy est\u00e1 dirigida por un equipo joven con experiencia en maquinaria de hosteler\u00eda. Somos especialistas en extracciones de humos (campanas, turbinas, etc.), cocinas industriales, aire acondicionado, mobiliario, c\u00e1maras frigor\u00edficas y maquinaria en general, posicion\u00e1ndonos como l\u00edderes en [&hellip;]<\/p>\n","protected":false},"author":1,"featured_media":0,"parent":0,"menu_order":0,"comment_status":"closed","ping_status":"closed","template":"","meta":{"footnotes":""},"class_list":["post-3718","page","type-page","status-publish","hentry"],"_links":{"self":[{"href":"https:\/\/framimaquinariadehosteleria.es\/en\/wp-json\/wp\/v2\/pages\/3718","targetHints":{"allow":["GET"]}}],"collection":[{"href":"https:\/\/framimaquinariadehosteleria.es\/en\/wp-json\/wp\/v2\/pages"}],"about":[{"href":"https:\/\/framimaquinariadehosteleria.es\/en\/wp-json\/wp\/v2\/types\/page"}],"author":[{"embeddable":true,"href":"https:\/\/framimaquinariadehosteleria.es\/en\/wp-json\/wp\/v2\/users\/1"}],"replies":[{"embeddable":true,"href":"https:\/\/framimaquinariadehosteleria.es\/en\/wp-json\/wp\/v2\/comments?post=3718"}],"version-history":[{"count":8,"href":"https:\/\/framimaquinariadehosteleria.es\/en\/wp-json\/wp\/v2\/pages\/3718\/revisions"}],"predecessor-version":[{"id":4794,"href":"https:\/\/framimaquinariadehosteleria.es\/en\/wp-json\/wp\/v2\/pages\/3718\/revisions\/4794"}],"wp:attachment":[{"href":"https:\/\/framimaquinariadehosteleria.es\/en\/wp-json\/wp\/v2\/media?parent=3718"}],"curies":[{"name":"wp","href":"https:\/\/api.w.org\/{rel}","templated":true}]}}